{"id":3563,"date":"2026-04-30T13:50:37","date_gmt":"2026-04-30T05:50:37","guid":{"rendered":"https:\/\/bestwillcams.com\/?post_type=product&#038;p=3563"},"modified":"2026-04-30T13:50:38","modified_gmt":"2026-04-30T05:50:38","slug":"wireless-sonar-fish-findercr110-sxa02","status":"publish","type":"product","link":"https:\/\/datoparts.com\/pl\/product\/wireless-sonar-fish-findercr110-sxa02\/","title":{"rendered":"Bezprzewodowa echosonda (CR110-SXA02)"},"content":{"rendered":"<figure class=\"wp-block-image aligncenter size-full\"><img fetchpriority=\"high\" decoding=\"async\" width=\"800\" height=\"533\" src=\"https:\/\/datoparts.com\/wp-content\/uploads\/2026\/04\/Wireless-Sonar-Fish-Finder-4.webp\" alt=\"\" class=\"wp-image-3562\" srcset=\"https:\/\/datoparts.com\/wp-content\/uploads\/2026\/04\/Wireless-Sonar-Fish-Finder-4.webp 800w, https:\/\/datoparts.com\/wp-content\/uploads\/2026\/04\/Wireless-Sonar-Fish-Finder-4-300x200.webp 300w, https:\/\/datoparts.com\/wp-content\/uploads\/2026\/04\/Wireless-Sonar-Fish-Finder-4-768x512.webp 768w, https:\/\/datoparts.com\/wp-content\/uploads\/2026\/04\/Wireless-Sonar-Fish-Finder-4-18x12.webp 18w\" sizes=\"(max-width: 800px) 100vw, 800px\" \/><\/figure>\n\n\n\n<div class=\"wp-block-group is-layout-constrained wp-block-group-is-layout-constrained\">\n<ul class=\"wp-block-list\">\n<li>Po\u0142\u0105czenie Bluetooth z aplikacj\u0105 mobiln\u0105<\/li>\n\n\n\n<li>Wy\u015bwietlanie g\u0142\u0119boko\u015bci, ryb i konturu dna w czasie rzeczywistym<\/li>\n\n\n\n<li>Obs\u0142uga dynamicznego skanowania i wykrywania punkt\u00f3w sta\u0142ych<\/li>\n\n\n\n<li>10 poziom\u00f3w czu\u0142o\u015bci dla r\u00f3\u017cnych warunk\u00f3w wodnych<\/li>\n\n\n\n<li>Alarm rybny i funkcja alarmu g\u0142\u0119boko\u015bci<\/li>\n\n\n\n<li>Filtrowanie szum\u00f3w dla lepszej dok\u0142adno\u015bci<\/li>\n\n\n\n<li>Wbudowane \u015bwiat\u0142o LED do u\u017cytku nocnego<\/li>\n\n\n\n<li>Zrzut ekranu i zapis danych przez aplikacj\u0119<\/li>\n<\/ul>\n<\/div>","protected":false},"excerpt":{"rendered":"","protected":false},"featured_media":3561,"template":"","meta":{"_acf_changed":true,"site-sidebar-layout":"default","site-content-layout":"","ast-site-content-layout":"default","site-content-style":"default","site-sidebar-style":"default","ast-global-header-display":"","ast-banner-title-visibility":"","ast-main-header-display":"","ast-hfb-above-header-display":"","ast-hfb-below-header-display":"","ast-hfb-mobile-header-display":"","site-post-title":"","ast-breadcrumbs-content":"","ast-featured-img":"","footer-sml-layout":"","ast-disable-related-posts":"","theme-transparent-header-meta":"","adv-header-id-meta":"","stick-header-meta":"","header-above-stick-meta":"","header-main-stick-meta":"","header-below-stick-meta":"","astra-migrate-meta-layouts":"set","ast-page-background-enabled":"default","ast-page-background-meta":{"desktop":{"background-color":"var(--ast-global-color-4)","background-image":"","background-repeat":"repeat","background-position":"center center","background-size":"auto","background-attachment":"scroll","background-type":"","background-media":"","overlay-type":"","overlay-color":"","overlay-opacity":"","overlay-gradient":""},"tablet":{"background-color":"","background-image":"","background-repeat":"repeat","background-position":"center center","background-size":"auto","background-attachment":"scroll","background-type":"","background-media":"","overlay-type":"","overlay-color":"","overlay-opacity":"","overlay-gradient":""},"mobile":{"background-color":"","background-image":"","background-repeat":"repeat","background-position":"center center","background-size":"auto","background-attachment":"scroll","background-type":"","background-media":"","overlay-type":"","overlay-color":"","overlay-opacity":"","overlay-gradient":""}},"ast-content-background-meta":{"desktop":{"background-color":"var(--ast-global-color-5)","background-image":"","background-repeat":"repeat","background-position":"center center","background-size":"auto","background-attachment":"scroll","background-type":"","background-media":"","overlay-type":"","overlay-color":"","overlay-opacity":"","overlay-gradient":""},"tablet":{"background-color":"var(--ast-global-color-5)","background-image":"","background-repeat":"repeat","background-position":"center center","background-size":"auto","background-attachment":"scroll","background-type":"","background-media":"","overlay-type":"","overlay-color":"","overlay-opacity":"","overlay-gradient":""},"mobile":{"background-color":"var(--ast-global-color-5)","background-image":"","background-repeat":"repeat","background-position":"center center","background-size":"auto","background-attachment":"scroll","background-type":"","background-media":"","overlay-type":"","overlay-color":"","overlay-opacity":"","overlay-gradient":""}}},"product-category":[14],"class_list":["post-3563","product","type-product","status-publish","has-post-thumbnail","hentry","product-category-underwater-fishing-camera"],"acf":[],"_links":{"self":[{"href":"https:\/\/datoparts.com\/pl\/wp-json\/wp\/v2\/product\/3563","targetHints":{"allow":["GET"]}}],"collection":[{"href":"https:\/\/datoparts.com\/pl\/wp-json\/wp\/v2\/product"}],"about":[{"href":"https:\/\/datoparts.com\/pl\/wp-json\/wp\/v2\/types\/product"}],"wp:featuredmedia":[{"embeddable":true,"href":"https:\/\/datoparts.com\/pl\/wp-json\/wp\/v2\/media\/3561"}],"wp:attachment":[{"href":"https:\/\/datoparts.com\/pl\/wp-json\/wp\/v2\/media?parent=3563"}],"wp:term":[{"taxonomy":"product-category","embeddable":true,"href":"https:\/\/datoparts.com\/pl\/wp-json\/wp\/v2\/product-category?post=3563"}],"curies":[{"name":"wp","href":"https:\/\/api.w.org\/{rel}","templated":true}]}}