{"id":988,"date":"2025-12-22T07:55:47","date_gmt":"2025-12-22T07:55:47","guid":{"rendered":"https:\/\/bestwillcams.com\/services\/"},"modified":"2026-04-24T10:53:23","modified_gmt":"2026-04-24T02:53:23","slug":"product-capabilities","status":"publish","type":"page","link":"https:\/\/datoparts.com\/pt\/product-capabilities\/","title":{"rendered":"Capacidades do produto"},"content":{"rendered":"<div data-elementor-type=\"wp-page\" data-elementor-id=\"988\" class=\"elementor elementor-988\" data-elementor-post-type=\"page\">\n\t\t\t\t<div class=\"elementor-element elementor-element-8a678ce e-flex e-con-boxed e-con e-parent\" data-id=\"8a678ce\" data-element_type=\"container\" data-e-type=\"container\" data-settings=\"{&quot;background_background&quot;:&quot;classic&quot;}\">\n\t\t\t\t\t<div class=\"e-con-inner\">\n\t\t\t\t<div class=\"elementor-element elementor-element-3ec371a elementor-widget elementor-widget-shortcode\" data-id=\"3ec371a\" data-element_type=\"widget\" data-e-type=\"widget\" data-widget_type=\"shortcode.default\">\n\t\t\t\t\t\t\t\t\t<div class=\"elementor-shortcode\"><nav aria-label=\"p\u00e3o ralado\" class=\"rank-math-breadcrumb\"><p><span class=\"last\">In\u00edcio<\/span><\/p><\/nav><\/div>\n\t\t\t\t\t\t<\/div>\n\t\t\t\t<div class=\"elementor-element elementor-element-6f21b5c elementor-widget elementor-widget-heading\" data-id=\"6f21b5c\" data-element_type=\"widget\" data-e-type=\"widget\" data-widget_type=\"heading.default\">\n\t\t\t\t\t\t\t<h1 class=\"elementor-heading-title elementor-size-default\">Capacidades dos produtos de c\u00e2maras subaqu\u00e1ticas<\/h1>\t\t\t\t<\/div>\n\t\t\t\t<div class=\"elementor-element elementor-element-2a63fcf elementor-hidden-tablet elementor-hidden-mobile elementor-widget elementor-widget-text-editor\" data-id=\"2a63fcf\" data-element_type=\"widget\" data-e-type=\"widget\" data-widget_type=\"text-editor.default\">\n\t\t\t\t\t\t\t\t\t\t\t<p>O nosso trabalho centra-se na montagem e fabrico de produtos de c\u00e2maras subaqu\u00e1ticas com um desempenho de imagem est\u00e1vel.<br data-start=\"1257\" data-end=\"1260\" \/>As aplica\u00e7\u00f5es incluem a inspe\u00e7\u00e3o de po\u00e7os e furos profundos, a monitoriza\u00e7\u00e3o da aquacultura e casos de utiliza\u00e7\u00e3o relacionados com a pesca, apoiados por uma produ\u00e7\u00e3o e personaliza\u00e7\u00e3o centradas no OEM.<\/p>\t\t\t\t\t\t\t\t<\/div>\n\t\t\t\t\t<\/div>\n\t\t\t\t<\/div>\n\t\t<div class=\"elementor-element elementor-element-61e7da5 e-flex e-con-boxed e-con e-parent\" data-id=\"61e7da5\" data-element_type=\"container\" data-e-type=\"container\" data-settings=\"{&quot;background_background&quot;:&quot;classic&quot;}\">\n\t\t\t\t\t<div class=\"e-con-inner\">\n\t\t<div class=\"elementor-element elementor-element-20334bf e-con-full e-flex e-con e-child\" data-id=\"20334bf\" data-element_type=\"container\" data-e-type=\"container\">\n\t\t\t\t<div class=\"elementor-element elementor-element-7a7f244 elementor-widget elementor-widget-text-editor\" data-id=\"7a7f244\" data-element_type=\"widget\" data-e-type=\"widget\" data-widget_type=\"text-editor.default\">\n\t\t\t\t\t\t\t\t\t\t\t<p>As capacidades dos produtos da BestWill s\u00e3o constru\u00eddas em torno de sistemas de c\u00e2maras subaqu\u00e1ticas port\u00e1teis concebidos para uma utiliza\u00e7\u00e3o pr\u00e1tica e real. As nossas principais linhas de produtos abrangem c\u00e2maras de pesca subaqu\u00e1tica, sistemas de observa\u00e7\u00e3o e monitoriza\u00e7\u00e3o subaqu\u00e1tica e c\u00e2maras de inspe\u00e7\u00e3o de furos.<\/p><p>Apoiamos marcas, distribuidores e compradores de projectos com <em><a href=\"\/pt\/oem-manufacturing\/\">Produ\u00e7\u00e3o orientada para o OEM<\/a><\/em>, <a href=\"\/pt\/odm-customization\/\"><em>personaliza\u00e7\u00e3o pr\u00e1tica<\/em><\/a>, e fabrico fi\u00e1vel para diferentes necessidades de aplica\u00e7\u00f5es subaqu\u00e1ticas. Em vez de oferecer produtos gen\u00e9ricos de retalho, concentramo-nos num desempenho de imagem est\u00e1vel, numa conce\u00e7\u00e3o de sistema simples e numa execu\u00e7\u00e3o na f\u00e1brica que apoia a coopera\u00e7\u00e3o a longo prazo atrav\u00e9s de <a href=\"\/pt\/quality-compliance\/\"><em>desempenho est\u00e1vel<\/em><\/a>, <a href=\"\/pt\/project-support\/\"><em>apoio ao projeto<\/em><\/a>, e uma comunica\u00e7\u00e3o reactiva.<\/p>\t\t\t\t\t\t\t\t<\/div>\n\t\t\t\t<\/div>\n\t\t<div class=\"elementor-element elementor-element-2a63b66 e-con-full elementor-hidden-tablet elementor-hidden-mobile e-flex e-con e-child\" data-id=\"2a63b66\" data-element_type=\"container\" data-e-type=\"container\">\n\t\t\t\t<div class=\"elementor-element elementor-element-504139b uael-aspect-ratio-16_9 elementor-widget elementor-widget-uael-video\" data-id=\"504139b\" data-element_type=\"widget\" data-e-type=\"widget\" data-widget_type=\"uael-video.default\">\n\t\t\t\t\t\t<div class=\"elementor-widget-container\">\n\t\t\t\t\t\t\t\t\t\t\t<div class=\"uael-video__outer-wrap  uael-video-type-hosted\" data-device=\"false\" data-vsticky=\"no\" data-hidedesktop=\"\" data-hidetablet=\"\" data-hidemobile=\"\" data-vsticky-viewport=\"0\" data-hosted-html=\"&quot; &lt;video class=\\&quot;uael-hosted-video\\&quot; src=\\&quot;https:\\\/\\\/bestwillcams.com\\\/wp-content\\\/uploads\\\/2026\\\/02\\\/Bestwill-Video.mp4\\&quot; controls=&amp;quot;&amp;quot;&gt;&lt;\\\/video&gt; &quot;\" data-autoplay=\"0\">\n\t\t\t\t\t\t<div class=\"uael-video-inner-wrap\">\n\t\t\t\t<div class=\"uael-video__play\" data-src=\"https:\/\/bestwillcams.com\/wp-content\/uploads\/2026\/02\/Bestwill-Video.mp4\">\n\t\t\t\t\t<video class=\"uael-video__thumb\" src=\"https:\/\/bestwillcams.com\/wp-content\/uploads\/2026\/02\/Bestwill-Video.mp4\" alt=\"\"><\/video>\n\t\t\t\t\t<div class=\"uael-video__play-icon uael-animation-\">\n\t\t\t\t\t\t<svg aria-hidden=\"true\" class=\"e-font-icon-svg e-fa-play-circle\" viewbox=\"0 0 512 512\" xmlns=\"http:\/\/www.w3.org\/2000\/svg\"><path d=\"M256 8C119 8 8 119 8 256s111 248 248 248 248-111 248-248S393 8 256 8zm115.7 272l-176 101c-15.8 8.8-35.7-2.5-35.7-21V152c0-18.4 19.8-29.8 35.7-21l176 107c16.4 9.2 16.4 32.9 0 42z\"><\/path><\/svg>\t\t\t\t\t<\/div>\n\t\t\t\t<\/div>\n\t\t\t\t\t\t\t\t\t\t\t<\/div>\n\t\t<\/div>\n\t\t\t\t\t\t\t<\/div>\n\t\t\t\t<\/div>\n\t\t\t\t<\/div>\n\t\t\t\t\t<\/div>\n\t\t\t\t<\/div>\n\t\t<div class=\"elementor-element elementor-element-55a567c e-flex e-con-boxed e-con e-parent\" data-id=\"55a567c\" data-element_type=\"container\" data-e-type=\"container\" data-settings=\"{&quot;background_background&quot;:&quot;classic&quot;}\">\n\t\t\t\t\t<div class=\"e-con-inner\">\n\t\t\t\t<div class=\"elementor-element elementor-element-dfa20d9 elementor-widget elementor-widget-image\" data-id=\"dfa20d9\" data-element_type=\"widget\" data-e-type=\"widget\" data-widget_type=\"image.default\">\n\t\t\t\t\t\t\t\t\t\t\t\t\t\t\t\t\t<img fetchpriority=\"high\" decoding=\"async\" width=\"800\" height=\"600\" src=\"https:\/\/datoparts.com\/wp-content\/uploads\/2026\/02\/Underwater-Fishing-Camera-Series.webp\" class=\"attachment-full size-full wp-image-2510\" alt=\"\" srcset=\"https:\/\/datoparts.com\/wp-content\/uploads\/2026\/02\/Underwater-Fishing-Camera-Series.webp 800w, https:\/\/datoparts.com\/wp-content\/uploads\/2026\/02\/Underwater-Fishing-Camera-Series-300x225.webp 300w, https:\/\/datoparts.com\/wp-content\/uploads\/2026\/02\/Underwater-Fishing-Camera-Series-768x576.webp 768w\" sizes=\"(max-width: 800px) 100vw, 800px\" \/>\t\t\t\t\t\t\t\t\t\t\t\t\t\t\t<\/div>\n\t\t<div class=\"elementor-element elementor-element-e32c4ad e-con-full e-flex e-con e-child\" data-id=\"e32c4ad\" data-element_type=\"container\" data-e-type=\"container\">\n\t\t\t\t<div class=\"elementor-element elementor-element-b5d7671 elementor-widget elementor-widget-image-box\" data-id=\"b5d7671\" data-element_type=\"widget\" data-e-type=\"widget\" data-widget_type=\"image-box.default\">\n\t\t\t\t\t\t\t<div class=\"elementor-image-box-wrapper\"><div class=\"elementor-image-box-content\"><h2 class=\"elementor-image-box-title\">C\u00e2mara de pesca subaqu\u00e1tica<\/h2><p class=\"elementor-image-box-description\">As nossas capacidades de c\u00e2maras de pesca abrangem conjuntos de c\u00e2maras subaqu\u00e1ticas compactas concebidas para casos de utiliza\u00e7\u00e3o relacionados com a pesca.\nAs configura\u00e7\u00f5es comuns incluem monitores port\u00e1teis, configura\u00e7\u00f5es pr\u00e1ticas de cabos e personaliza\u00e7\u00e3o OEM flex\u00edvel para suportar diferentes marcas e necessidades do mercado.<\/p><\/div><\/div>\t\t\t\t<\/div>\n\t\t\t\t<div class=\"elementor-element elementor-element-a432d5e elementor-widget elementor-widget-button\" data-id=\"a432d5e\" data-element_type=\"widget\" data-e-type=\"widget\" data-widget_type=\"button.default\">\n\t\t\t\t\t\t\t\t\t\t\t\t<a class=\"elementor-button elementor-button-link elementor-size-sm\" href=\"\/pt\/product-categories\/underwater-fishing-camera\/\">\n\t\t\t\t\t\t<span class=\"elementor-button-content-wrapper\">\n\t\t\t\t\t\t\t\t\t<span class=\"elementor-button-text\">Saiba mais<\/span>\n\t\t\t\t\t<\/span>\n\t\t\t\t\t<\/a>\n\t\t\t\t\t\t\t\t<\/div>\n\t\t\t\t<\/div>\n\t\t\t\t\t<\/div>\n\t\t\t\t<\/div>\n\t\t<div class=\"elementor-element elementor-element-8fa80be e-flex e-con-boxed e-con e-parent\" data-id=\"8fa80be\" data-element_type=\"container\" data-e-type=\"container\" data-settings=\"{&quot;background_background&quot;:&quot;classic&quot;}\">\n\t\t\t\t\t<div class=\"e-con-inner\">\n\t\t\t\t<div class=\"elementor-element elementor-element-dcb50fc elementor-widget elementor-widget-image\" data-id=\"dcb50fc\" data-element_type=\"widget\" data-e-type=\"widget\" data-widget_type=\"image.default\">\n\t\t\t\t\t\t\t\t\t\t\t\t\t\t\t\t\t<img decoding=\"async\" width=\"800\" height=\"600\" src=\"https:\/\/datoparts.com\/wp-content\/uploads\/2026\/02\/Underwater-Inspection-Camera-Series.webp\" class=\"attachment-full size-full wp-image-2512\" alt=\"\" srcset=\"https:\/\/datoparts.com\/wp-content\/uploads\/2026\/02\/Underwater-Inspection-Camera-Series.webp 800w, https:\/\/datoparts.com\/wp-content\/uploads\/2026\/02\/Underwater-Inspection-Camera-Series-300x225.webp 300w, https:\/\/datoparts.com\/wp-content\/uploads\/2026\/02\/Underwater-Inspection-Camera-Series-768x576.webp 768w\" sizes=\"(max-width: 800px) 100vw, 800px\" \/>\t\t\t\t\t\t\t\t\t\t\t\t\t\t\t<\/div>\n\t\t<div class=\"elementor-element elementor-element-63b647b e-con-full e-flex e-con e-child\" data-id=\"63b647b\" data-element_type=\"container\" data-e-type=\"container\">\n\t\t\t\t<div class=\"elementor-element elementor-element-8cdbf66 elementor-widget elementor-widget-image-box\" data-id=\"8cdbf66\" data-element_type=\"widget\" data-e-type=\"widget\" data-widget_type=\"image-box.default\">\n\t\t\t\t\t\t\t<div class=\"elementor-image-box-wrapper\"><div class=\"elementor-image-box-content\"><h2 class=\"elementor-image-box-title\">Observa\u00e7\u00e3o e monitoriza\u00e7\u00e3o subaqu\u00e1tica<\/h2><p class=\"elementor-image-box-description\">As nossas capacidades de observa\u00e7\u00e3o e monitoriza\u00e7\u00e3o subaqu\u00e1ticas foram concebidas para a monitoriza\u00e7\u00e3o de aquacultura, observa\u00e7\u00e3o de tanques e lagos, digitaliza\u00e7\u00e3o de salvamento, visualiza\u00e7\u00e3o em \u00e1guas profundas e tarefas de inspe\u00e7\u00e3o no terreno selecionadas. As configura\u00e7\u00f5es centram-se em imagens est\u00e1veis, estruturas fi\u00e1veis \u00e0 prova de \u00e1gua e op\u00e7\u00f5es flex\u00edveis de cabos e monitores para utiliza\u00e7\u00e3o em projectos port\u00e1teis.<\/p><\/div><\/div>\t\t\t\t<\/div>\n\t\t\t\t<div class=\"elementor-element elementor-element-f85d575 elementor-widget elementor-widget-button\" data-id=\"f85d575\" data-element_type=\"widget\" data-e-type=\"widget\" data-widget_type=\"button.default\">\n\t\t\t\t\t\t\t\t\t\t\t\t<a class=\"elementor-button elementor-button-link elementor-size-sm\" href=\"\/pt\/product-categories\/underwater-inspection-camera\/\">\n\t\t\t\t\t\t<span class=\"elementor-button-content-wrapper\">\n\t\t\t\t\t\t\t\t\t<span class=\"elementor-button-text\">Saiba mais<\/span>\n\t\t\t\t\t<\/span>\n\t\t\t\t\t<\/a>\n\t\t\t\t\t\t\t\t<\/div>\n\t\t\t\t<\/div>\n\t\t\t\t\t<\/div>\n\t\t\t\t<\/div>\n\t\t<div class=\"elementor-element elementor-element-7f9c994 e-flex e-con-boxed e-con e-parent\" data-id=\"7f9c994\" data-element_type=\"container\" data-e-type=\"container\" data-settings=\"{&quot;background_background&quot;:&quot;classic&quot;}\">\n\t\t\t\t\t<div class=\"e-con-inner\">\n\t\t\t\t<div class=\"elementor-element elementor-element-8b2f398 elementor-widget elementor-widget-image\" data-id=\"8b2f398\" data-element_type=\"widget\" data-e-type=\"widget\" data-widget_type=\"image.default\">\n\t\t\t\t\t\t\t\t\t\t\t\t\t\t\t\t\t<img decoding=\"async\" width=\"800\" height=\"600\" src=\"https:\/\/datoparts.com\/wp-content\/uploads\/2026\/02\/Borehole-Inspection-Camera-Series.webp\" class=\"attachment-full size-full wp-image-2508\" alt=\"\" srcset=\"https:\/\/datoparts.com\/wp-content\/uploads\/2026\/02\/Borehole-Inspection-Camera-Series.webp 800w, https:\/\/datoparts.com\/wp-content\/uploads\/2026\/02\/Borehole-Inspection-Camera-Series-300x225.webp 300w, https:\/\/datoparts.com\/wp-content\/uploads\/2026\/02\/Borehole-Inspection-Camera-Series-768x576.webp 768w\" sizes=\"(max-width: 800px) 100vw, 800px\" \/>\t\t\t\t\t\t\t\t\t\t\t\t\t\t\t<\/div>\n\t\t<div class=\"elementor-element elementor-element-4a4ffd7 e-con-full e-flex e-con e-child\" data-id=\"4a4ffd7\" data-element_type=\"container\" data-e-type=\"container\">\n\t\t\t\t<div class=\"elementor-element elementor-element-893f009 elementor-widget elementor-widget-image-box\" data-id=\"893f009\" data-element_type=\"widget\" data-e-type=\"widget\" data-widget_type=\"image-box.default\">\n\t\t\t\t\t\t\t<div class=\"elementor-image-box-wrapper\"><div class=\"elementor-image-box-content\"><h2 class=\"elementor-image-box-title\">C\u00e2mara de inspe\u00e7\u00e3o de furos<\/h2><p class=\"elementor-image-box-description\">As nossas capacidades de c\u00e2mara de inspe\u00e7\u00e3o de furos centram-se na obten\u00e7\u00e3o de imagens subaqu\u00e1ticas est\u00e1veis em ambientes profundos e estreitos.\nAs configura\u00e7\u00f5es t\u00edpicas incluem cabos de liga\u00e7\u00e3o de longa dist\u00e2ncia, caixas de c\u00e2mara compactas e unidades de monitoriza\u00e7\u00e3o port\u00e1teis adequadas para tarefas de inspe\u00e7\u00e3o de po\u00e7os de \u00e1gua e furos.<\/p><\/div><\/div>\t\t\t\t<\/div>\n\t\t\t\t<div class=\"elementor-element elementor-element-9e72a2b elementor-widget elementor-widget-button\" data-id=\"9e72a2b\" data-element_type=\"widget\" data-e-type=\"widget\" data-widget_type=\"button.default\">\n\t\t\t\t\t\t\t\t\t\t\t\t<a class=\"elementor-button elementor-button-link elementor-size-sm\" href=\"\/pt\/product-categories\/borehole-inspection-camera\/\">\n\t\t\t\t\t\t<span class=\"elementor-button-content-wrapper\">\n\t\t\t\t\t\t\t\t\t<span class=\"elementor-button-text\">Saiba mais<\/span>\n\t\t\t\t\t<\/span>\n\t\t\t\t\t<\/a>\n\t\t\t\t\t\t\t\t<\/div>\n\t\t\t\t<\/div>\n\t\t\t\t\t<\/div>\n\t\t\t\t<\/div>\n\t\t<div class=\"elementor-element elementor-element-846ccd6 e-flex e-con-boxed e-con e-parent\" data-id=\"846ccd6\" data-element_type=\"container\" data-e-type=\"container\">\n\t\t\t\t\t<div class=\"e-con-inner\">\n\t\t\t\t<div class=\"elementor-element elementor-element-2b2b30c elementor-widget elementor-widget-heading\" data-id=\"2b2b30c\" data-element_type=\"widget\" data-e-type=\"widget\" data-widget_type=\"heading.default\">\n\t\t\t\t\t\t\t<h3 class=\"elementor-heading-title elementor-size-default\">Apoio a marcas, distribuidores e projectos<\/h3>\t\t\t\t<\/div>\n\t\t\t\t<div class=\"elementor-element elementor-element-d8d50bc elementor-widget elementor-widget-text-editor\" data-id=\"d8d50bc\" data-element_type=\"widget\" data-e-type=\"widget\" data-widget_type=\"text-editor.default\">\n\t\t\t\t\t\t\t\t\t\t\t<p data-start=\"5033\" data-end=\"5257\">Procura produ\u00e7\u00e3o OEM, apoio de marca pr\u00f3pria, coordena\u00e7\u00e3o de projectos ou informa\u00e7\u00f5es relacionadas com a qualidade? Explore as p\u00e1ginas abaixo para saber como a BestWill apoia a coopera\u00e7\u00e3o a longo prazo em diferentes linhas de produtos subaqu\u00e1ticos.<\/p>\t\t\t\t\t\t\t\t<\/div>\n\t\t\t\t<div class=\"elementor-element elementor-element-5726fbc elementor-icon-list--layout-traditional elementor-list-item-link-full_width elementor-widget elementor-widget-icon-list\" data-id=\"5726fbc\" data-element_type=\"widget\" data-e-type=\"widget\" data-widget_type=\"icon-list.default\">\n\t\t\t\t\t\t\t\t\t<ul class=\"elementor-icon-list-items\">\n\t\t\t\t\t\t\t<li class=\"elementor-icon-list-item\">\n\t\t\t\t\t\t\t\t\t\t\t<a href=\"\/pt\/oem-manufacturing\/\">\n\n\t\t\t\t\t\t\t\t\t\t\t\t<span class=\"elementor-icon-list-icon\">\n\t\t\t\t\t\t\t<svg aria-hidden=\"true\" class=\"e-font-icon-svg e-far-dot-circle\" viewbox=\"0 0 512 512\" xmlns=\"http:\/\/www.w3.org\/2000\/svg\"><path d=\"M256 56c110.532 0 200 89.451 200 200 0 110.532-89.451 200-200 200-110.532 0-200-89.451-200-200 0-110.532 89.451-200 200-200m0-48C119.033 8 8 119.033 8 256s111.033 248 248 248 248-111.033 248-248S392.967 8 256 8zm0 168c-44.183 0-80 35.817-80 80s35.817 80 80 80 80-35.817 80-80-35.817-80-80-80z\"><\/path><\/svg>\t\t\t\t\t\t<\/span>\n\t\t\t\t\t\t\t\t\t\t<span class=\"elementor-icon-list-text\">Fabrico OEM<\/span>\n\t\t\t\t\t\t\t\t\t\t\t<\/a>\n\t\t\t\t\t\t\t\t\t<\/li>\n\t\t\t\t\t\t\t\t<li class=\"elementor-icon-list-item\">\n\t\t\t\t\t\t\t\t\t\t\t<a href=\"\/pt\/odm-customization\/\">\n\n\t\t\t\t\t\t\t\t\t\t\t\t<span class=\"elementor-icon-list-icon\">\n\t\t\t\t\t\t\t<svg aria-hidden=\"true\" class=\"e-font-icon-svg e-far-dot-circle\" viewbox=\"0 0 512 512\" xmlns=\"http:\/\/www.w3.org\/2000\/svg\"><path d=\"M256 56c110.532 0 200 89.451 200 200 0 110.532-89.451 200-200 200-110.532 0-200-89.451-200-200 0-110.532 89.451-200 200-200m0-48C119.033 8 8 119.033 8 256s111.033 248 248 248 248-111.033 248-248S392.967 8 256 8zm0 168c-44.183 0-80 35.817-80 80s35.817 80 80 80 80-35.817 80-80-35.817-80-80-80z\"><\/path><\/svg>\t\t\t\t\t\t<\/span>\n\t\t\t\t\t\t\t\t\t\t<span class=\"elementor-icon-list-text\">Personaliza\u00e7\u00e3o ODM<\/span>\n\t\t\t\t\t\t\t\t\t\t\t<\/a>\n\t\t\t\t\t\t\t\t\t<\/li>\n\t\t\t\t\t\t\t\t<li class=\"elementor-icon-list-item\">\n\t\t\t\t\t\t\t\t\t\t\t<a href=\"\/pt\/quality-compliance\/\">\n\n\t\t\t\t\t\t\t\t\t\t\t\t<span class=\"elementor-icon-list-icon\">\n\t\t\t\t\t\t\t<svg aria-hidden=\"true\" class=\"e-font-icon-svg e-far-dot-circle\" viewbox=\"0 0 512 512\" xmlns=\"http:\/\/www.w3.org\/2000\/svg\"><path d=\"M256 56c110.532 0 200 89.451 200 200 0 110.532-89.451 200-200 200-110.532 0-200-89.451-200-200 0-110.532 89.451-200 200-200m0-48C119.033 8 8 119.033 8 256s111.033 248 248 248 248-111.033 248-248S392.967 8 256 8zm0 168c-44.183 0-80 35.817-80 80s35.817 80 80 80 80-35.817 80-80-35.817-80-80-80z\"><\/path><\/svg>\t\t\t\t\t\t<\/span>\n\t\t\t\t\t\t\t\t\t\t<span class=\"elementor-icon-list-text\">Qualidade e conformidade<\/span>\n\t\t\t\t\t\t\t\t\t\t\t<\/a>\n\t\t\t\t\t\t\t\t\t<\/li>\n\t\t\t\t\t\t\t\t<li class=\"elementor-icon-list-item\">\n\t\t\t\t\t\t\t\t\t\t\t<a href=\"\/pt\/project-support\/\">\n\n\t\t\t\t\t\t\t\t\t\t\t\t<span class=\"elementor-icon-list-icon\">\n\t\t\t\t\t\t\t<svg aria-hidden=\"true\" class=\"e-font-icon-svg e-far-dot-circle\" viewbox=\"0 0 512 512\" xmlns=\"http:\/\/www.w3.org\/2000\/svg\"><path d=\"M256 56c110.532 0 200 89.451 200 200 0 110.532-89.451 200-200 200-110.532 0-200-89.451-200-200 0-110.532 89.451-200 200-200m0-48C119.033 8 8 119.033 8 256s111.033 248 248 248 248-111.033 248-248S392.967 8 256 8zm0 168c-44.183 0-80 35.817-80 80s35.817 80 80 80 80-35.817 80-80-35.817-80-80-80z\"><\/path><\/svg>\t\t\t\t\t\t<\/span>\n\t\t\t\t\t\t\t\t\t\t<span class=\"elementor-icon-list-text\">Apoio ao projeto<\/span>\n\t\t\t\t\t\t\t\t\t\t\t<\/a>\n\t\t\t\t\t\t\t\t\t<\/li>\n\t\t\t\t\t\t<\/ul>\n\t\t\t\t\t\t<\/div>\n\t\t\t\t\t<\/div>\n\t\t\t\t<\/div>\n\t\t\t\t<\/div>","protected":false},"excerpt":{"rendered":"<p>Underwater Camera Product Capabilities Our work centers on assembling and manufacturing underwater camera products with stable imaging performance.Applications include deep [&hellip;]<\/p>\n","protected":false},"author":1,"featured_media":0,"parent":0,"menu_order":0,"comment_status":"closed","ping_status":"closed","template":"","meta":{"_acf_changed":false,"site-sidebar-layout":"no-sidebar","site-content-layout":"page-builder","ast-site-content-layout":"full-width-container","site-content-style":"default","site-sidebar-style":"default","ast-global-header-display":"","ast-banner-title-visibility":"disabled","ast-main-header-display":"","ast-hfb-above-header-display":"","ast-hfb-below-header-display":"","ast-hfb-mobile-header-display":"","site-post-title":"disabled","ast-breadcrumbs-content":"","ast-featured-img":"disabled","footer-sml-layout":"","ast-disable-related-posts":"","theme-transparent-header-meta":"","adv-header-id-meta":"","stick-header-meta":"","header-above-stick-meta":"","header-main-stick-meta":"","header-below-stick-meta":"","astra-migrate-meta-layouts":"set","ast-page-background-enabled":"default","ast-page-background-meta":{"desktop":{"background-color":"var(--ast-global-color-4)","background-image":"","background-repeat":"repeat","background-position":"center center","background-size":"auto","background-attachment":"scroll","background-type":"","background-media":"","overlay-type":"","overlay-color":"","overlay-opacity":"","overlay-gradient":""},"tablet":{"background-color":"","background-image":"","background-repeat":"repeat","background-position":"center center","background-size":"auto","background-attachment":"scroll","background-type":"","background-media":"","overlay-type":"","overlay-color":"","overlay-opacity":"","overlay-gradient":""},"mobile":{"background-color":"","background-image":"","background-repeat":"repeat","background-position":"center center","background-size":"auto","background-attachment":"scroll","background-type":"","background-media":"","overlay-type":"","overlay-color":"","overlay-opacity":"","overlay-gradient":""}},"ast-content-background-meta":{"desktop":{"background-color":"var(--ast-global-color-5)","background-image":"","background-repeat":"repeat","background-position":"center center","background-size":"auto","background-attachment":"scroll","background-type":"","background-media":"","overlay-type":"","overlay-color":"","overlay-opacity":"","overlay-gradient":""},"tablet":{"background-color":"var(--ast-global-color-5)","background-image":"","background-repeat":"repeat","background-position":"center center","background-size":"auto","background-attachment":"scroll","background-type":"","background-media":"","overlay-type":"","overlay-color":"","overlay-opacity":"","overlay-gradient":""},"mobile":{"background-color":"var(--ast-global-color-5)","background-image":"","background-repeat":"repeat","background-position":"center center","background-size":"auto","background-attachment":"scroll","background-type":"","background-media":"","overlay-type":"","overlay-color":"","overlay-opacity":"","overlay-gradient":""}},"footnotes":""},"class_list":["post-988","page","type-page","status-publish","hentry"],"acf":[],"_links":{"self":[{"href":"https:\/\/datoparts.com\/pt\/wp-json\/wp\/v2\/pages\/988","targetHints":{"allow":["GET"]}}],"collection":[{"href":"https:\/\/datoparts.com\/pt\/wp-json\/wp\/v2\/pages"}],"about":[{"href":"https:\/\/datoparts.com\/pt\/wp-json\/wp\/v2\/types\/page"}],"author":[{"embeddable":true,"href":"https:\/\/datoparts.com\/pt\/wp-json\/wp\/v2\/users\/1"}],"replies":[{"embeddable":true,"href":"https:\/\/datoparts.com\/pt\/wp-json\/wp\/v2\/comments?post=988"}],"version-history":[{"count":88,"href":"https:\/\/datoparts.com\/pt\/wp-json\/wp\/v2\/pages\/988\/revisions"}],"predecessor-version":[{"id":3525,"href":"https:\/\/datoparts.com\/pt\/wp-json\/wp\/v2\/pages\/988\/revisions\/3525"}],"wp:attachment":[{"href":"https:\/\/datoparts.com\/pt\/wp-json\/wp\/v2\/media?parent=988"}],"curies":[{"name":"wp","href":"https:\/\/api.w.org\/{rel}","templated":true}]}}