{"id":3563,"date":"2026-04-30T13:50:37","date_gmt":"2026-04-30T05:50:37","guid":{"rendered":"https:\/\/bestwillcams.com\/?post_type=product&#038;p=3563"},"modified":"2026-04-30T13:50:38","modified_gmt":"2026-04-30T05:50:38","slug":"wireless-sonar-fish-findercr110-sxa02","status":"publish","type":"product","link":"https:\/\/datoparts.com\/pt\/product\/wireless-sonar-fish-findercr110-sxa02\/","title":{"rendered":"Localizador de peixes com sonar sem fios (CR110-SXA02)"},"content":{"rendered":"<figure class=\"wp-block-image aligncenter size-full\"><img fetchpriority=\"high\" decoding=\"async\" width=\"800\" height=\"533\" src=\"https:\/\/datoparts.com\/wp-content\/uploads\/2026\/04\/Wireless-Sonar-Fish-Finder-4.webp\" alt=\"\" class=\"wp-image-3562\" srcset=\"https:\/\/datoparts.com\/wp-content\/uploads\/2026\/04\/Wireless-Sonar-Fish-Finder-4.webp 800w, https:\/\/datoparts.com\/wp-content\/uploads\/2026\/04\/Wireless-Sonar-Fish-Finder-4-300x200.webp 300w, https:\/\/datoparts.com\/wp-content\/uploads\/2026\/04\/Wireless-Sonar-Fish-Finder-4-768x512.webp 768w, https:\/\/datoparts.com\/wp-content\/uploads\/2026\/04\/Wireless-Sonar-Fish-Finder-4-18x12.webp 18w\" sizes=\"(max-width: 800px) 100vw, 800px\" \/><\/figure>\n\n\n\n<div class=\"wp-block-group is-layout-constrained wp-block-group-is-layout-constrained\">\n<ul class=\"wp-block-list\">\n<li>Liga\u00e7\u00e3o Bluetooth com a aplica\u00e7\u00e3o m\u00f3vel<\/li>\n\n\n\n<li>Visualiza\u00e7\u00e3o em tempo real da profundidade, dos peixes e do contorno do fundo<\/li>\n\n\n\n<li>Suporta digitaliza\u00e7\u00e3o din\u00e2mica e dete\u00e7\u00e3o de ponto fixo<\/li>\n\n\n\n<li>10 n\u00edveis de sensibilidade para diferentes condi\u00e7\u00f5es da \u00e1gua<\/li>\n\n\n\n<li>Fun\u00e7\u00e3o de alarme de peixe e alarme de profundidade<\/li>\n\n\n\n<li>Filtragem de ru\u00eddo para maior precis\u00e3o<\/li>\n\n\n\n<li>Luz LED incorporada para utiliza\u00e7\u00e3o nocturna<\/li>\n\n\n\n<li>Captura de ecr\u00e3 e grava\u00e7\u00e3o de dados atrav\u00e9s da aplica\u00e7\u00e3o<\/li>\n<\/ul>\n<\/div>","protected":false},"excerpt":{"rendered":"","protected":false},"featured_media":3561,"template":"","meta":{"_acf_changed":true,"site-sidebar-layout":"default","site-content-layout":"","ast-site-content-layout":"default","site-content-style":"default","site-sidebar-style":"default","ast-global-header-display":"","ast-banner-title-visibility":"","ast-main-header-display":"","ast-hfb-above-header-display":"","ast-hfb-below-header-display":"","ast-hfb-mobile-header-display":"","site-post-title":"","ast-breadcrumbs-content":"","ast-featured-img":"","footer-sml-layout":"","ast-disable-related-posts":"","theme-transparent-header-meta":"","adv-header-id-meta":"","stick-header-meta":"","header-above-stick-meta":"","header-main-stick-meta":"","header-below-stick-meta":"","astra-migrate-meta-layouts":"set","ast-page-background-enabled":"default","ast-page-background-meta":{"desktop":{"background-color":"var(--ast-global-color-4)","background-image":"","background-repeat":"repeat","background-position":"center center","background-size":"auto","background-attachment":"scroll","background-type":"","background-media":"","overlay-type":"","overlay-color":"","overlay-opacity":"","overlay-gradient":""},"tablet":{"background-color":"","background-image":"","background-repeat":"repeat","background-position":"center center","background-size":"auto","background-attachment":"scroll","background-type":"","background-media":"","overlay-type":"","overlay-color":"","overlay-opacity":"","overlay-gradient":""},"mobile":{"background-color":"","background-image":"","background-repeat":"repeat","background-position":"center center","background-size":"auto","background-attachment":"scroll","background-type":"","background-media":"","overlay-type":"","overlay-color":"","overlay-opacity":"","overlay-gradient":""}},"ast-content-background-meta":{"desktop":{"background-color":"var(--ast-global-color-5)","background-image":"","background-repeat":"repeat","background-position":"center center","background-size":"auto","background-attachment":"scroll","background-type":"","background-media":"","overlay-type":"","overlay-color":"","overlay-opacity":"","overlay-gradient":""},"tablet":{"background-color":"var(--ast-global-color-5)","background-image":"","background-repeat":"repeat","background-position":"center center","background-size":"auto","background-attachment":"scroll","background-type":"","background-media":"","overlay-type":"","overlay-color":"","overlay-opacity":"","overlay-gradient":""},"mobile":{"background-color":"var(--ast-global-color-5)","background-image":"","background-repeat":"repeat","background-position":"center center","background-size":"auto","background-attachment":"scroll","background-type":"","background-media":"","overlay-type":"","overlay-color":"","overlay-opacity":"","overlay-gradient":""}}},"product-category":[14],"class_list":["post-3563","product","type-product","status-publish","has-post-thumbnail","hentry","product-category-underwater-fishing-camera"],"acf":[],"_links":{"self":[{"href":"https:\/\/datoparts.com\/pt\/wp-json\/wp\/v2\/product\/3563","targetHints":{"allow":["GET"]}}],"collection":[{"href":"https:\/\/datoparts.com\/pt\/wp-json\/wp\/v2\/product"}],"about":[{"href":"https:\/\/datoparts.com\/pt\/wp-json\/wp\/v2\/types\/product"}],"wp:featuredmedia":[{"embeddable":true,"href":"https:\/\/datoparts.com\/pt\/wp-json\/wp\/v2\/media\/3561"}],"wp:attachment":[{"href":"https:\/\/datoparts.com\/pt\/wp-json\/wp\/v2\/media?parent=3563"}],"wp:term":[{"taxonomy":"product-category","embeddable":true,"href":"https:\/\/datoparts.com\/pt\/wp-json\/wp\/v2\/product-category?post=3563"}],"curies":[{"name":"wp","href":"https:\/\/api.w.org\/{rel}","templated":true}]}}